{"id":1425,"date":"2026-01-08T06:21:05","date_gmt":"2026-01-08T06:21:05","guid":{"rendered":"https:\/\/afkspin.net\/app\/"},"modified":"2026-01-08T10:13:53","modified_gmt":"2026-01-08T10:13:53","slug":"aplikacja","status":"publish","type":"page","link":"https:\/\/afkspin.net\/pl\/aplikacja\/","title":{"rendered":"Aplikacja"},"content":{"rendered":"<h1>Aplikacja AFKSpin<\/h1>\n<p>AFKSpin App pozwala \u0142atwo gra\u0107 w ulubione gry kasynowe w podr\u00f3\u017cy. Stworzyli\u015bmy j\u0105 w taki spos\u00f3b, aby zawsze by\u0142a szybka, bezpieczna i prosta w u\u017cyciu. Aplikacja AFKSpin zapewnia szybki dost\u0119p do wielu naszych automat\u00f3w online, gier sto\u0142owych i kasyn na \u017cywo. Mo\u017cesz gra\u0107 na urz\u0105dzeniach z systemem Android, iOS lub komputerze \u2013 wszystko dzia\u0142a doskonale. Nasze oprogramowanie pozwala cieszy\u0107 si\u0119 gr\u0105 bez przerwy, zawsze i wsz\u0119dzie.<\/p>\n<div class=\"banner-wrap\" aria-label=\"Banner\"><img src=\"https:\/\/afkspin.net\/wp-content\/uploads\/2026\/01\/AFK-Spins-banner-carousel-932\u0445400.webp\" class=\"w-100 d-none d-lg-block img-pc main-banner-img\" alt=\"AFKspin desktop banner\" fetchpriority=\"high\" decoding=\"async\"><img src=\"https:\/\/afkspin.net\/wp-content\/uploads\/2026\/01\/AFKspin-mobile-banner.webp\" class=\"w-100 d-none d-md-block d-lg-none main-banner-img\" alt=\"AFKspin mobile banner\" fetchpriority=\"high\" decoding=\"async\"><img src=\"https:\/\/afkspin.net\/wp-content\/uploads\/2026\/01\/AFKspin-mobile-banner.webp\" class=\"w-100 d-md-none\" alt=\"AFKspin mobile banner\" fetchpriority=\"high\" decoding=\"async\"><div class=\"banner-description\">\n<div class=\"banner-title\">Bonusy powitalne<\/div>\n<p class=\"banner-header-title\">1500 \u20ac<\/p>\n<div class=\"banner-header-AdditionalText\">+ 250 Darmowe spiny<\/div>\n<button data-item=\"homepage_banner_link\" class=\"goto m-button m-gradient-border m-button--primary m-button--large banner-button btn-orange\">\n            <div class=\"m-button-content\">\n                <span>Zarejestruj si\u0119 teraz<\/span>\n                <span><\/span>\n            <\/div>\n        <\/button>\n<\/div>\n<div class=\"WelcomePack\">\n<p><img loading=\"lazy\" decoding=\"async\" class=\"alignnone size-full wp-image-1329\" src=\"https:\/\/afkspin.net\/wp-content\/uploads\/2026\/01\/welcome-crown.svg\" alt=\"crown\" width=\"25\" height=\"26\" \/><\/p>\n<div class=\"WelcomePack-Info\">Cotygodniowy zwrot got\u00f3wki do 25%<\/div>\n<p><img loading=\"lazy\" decoding=\"async\" class=\"alignnone size-full wp-image-1329\" src=\"https:\/\/afkspin.net\/wp-content\/uploads\/2026\/01\/welcome-crown.svg\" alt=\"crown\" width=\"25\" height=\"26\" \/><\/p>\n<\/div>\n<\/div>\n<h2>Funkcje aplikacji AFKSpin<\/h2>\n<p>Aplikacja AFKSpin ma na celu uczynienie gier mobilnych lepszymi ni\u017c zwyk\u0142e granie w przegl\u0105darce. Oto, co oferujemy wszystkim naszym graczom mobilnym:<\/p>\n<ul>\n<li>Aplikacja zapewnia szybki dost\u0119p do gier i ich p\u0142ynne dzia\u0142anie. Po\u017cegnaj si\u0119 z op\u00f3\u017anieniami i buforowaniem, ciesz si\u0119 nieprzerwan\u0105 zabaw\u0105.<\/li>\n<li>Aplikacja AFKSpin wygl\u0105da i dzia\u0142a podobnie jak wersja na komputery stacjonarne, wi\u0119c \u0142atwo si\u0119 w niej odnale\u017a\u0107. Mo\u017cesz bez problemu uzyska\u0107 dost\u0119p do wszystkich naszych gier, zarz\u0105dza\u0107 swoim kontem i obs\u0142ugiwa\u0107 transakcje bankowe.<\/li>\n<li>Twoje dane s\u0105 bezpieczne podczas wp\u0142at i wyp\u0142at \u015brodk\u00f3w dzi\u0119ki szyfrowaniu i weryfikacji.<\/li>\n<li>Aplikacja aktualizuje si\u0119 samodzielnie, dodaj\u0105c nowe funkcje, poprawki bezpiecze\u0144stwa i gry. Dzi\u0119ki temu Twoje sesje gry s\u0105 bezpieczne i zawsze aktualne.<\/li>\n<li>AFK Spin zapewnia takie same wra\u017cenia z gry, niezale\u017cnie od tego, czy korzystasz z telefonu, tabletu czy komputera.<\/li>\n<\/ul>\n<p>Wszystkie te cechy sprawiaj\u0105, \u017ce nasza aplikacja AFKSpin Casino jest doskona\u0142ym wyborem, je\u015bli zale\u017cy Ci na szerokim wyborze gier, bezpiecze\u0144stwie i \u0142atwo\u015bci obs\u0142ugi w jednym miejscu.<\/p>\n<p><div class=\"scrollable-content-wrap my-5\"><div class=\"scrollable-content-inner\"><h2>Aplikacja AFKSpin dla systemu Android<\/h2>\n<p>Zaprojektowali\u015bmy aplikacj\u0119 AFK Spin na Androida, aby zapewni\u0107 zoptymalizowane wra\u017cenia z gry przy minimalnym zu\u017cyciu zasob\u00f3w. Jest ona dost\u0119pna dla wszystkich jako progresywna aplikacja internetowa (PWA), co eliminuje konieczno\u015b\u0107 pobierania du\u017cych plik\u00f3w APK. Jest to oprogramowanie nowej generacji. Rozumiemy, \u017ce u\u017cytkownicy Androida zawsze poszukuj\u0105 aplikacji, kt\u00f3re nie wp\u0142ywaj\u0105 na zu\u017cycie baterii, dlatego w\u0142a\u015bnie stworzyli\u015bmy t\u0119 aplikacj\u0119. Nasza koncepcja PWA jest bezpieczniejsza i l\u017cejsza. Metoda ta zmniejsza wymagania dotycz\u0105ce pami\u0119ci i pozwala unikn\u0105\u0107 zagro\u017ce\u0144 bezpiecze\u0144stwa zwi\u0105zanych z plikami APK. Aplikacja AFK Spin APK jest skutecznie osadzona w PWA, dzi\u0119ki czemu gracze otrzymuj\u0105 automatyczne aktualizacje bez konieczno\u015bci r\u0119cznego pobierania.<\/p>\n<p>Instalacja naszej aplikacji jest prosta: wystarczy klikn\u0105\u0107 przycisk \u201eAplikacja kasyna\u201d, a aplikacja AFKSpin Casino zostanie natychmiast dodana do ekranu g\u0142\u00f3wnego urz\u0105dzenia.<\/p>\n<p>Po zainstalowaniu lub po prostu zapisaniu jako skr\u00f3t, aplikacja AFKSpin na Androida oferuje pe\u0142ny dost\u0119p do bogatej biblioteki gier naszego kasyna, w tym najnowszych automat\u00f3w online, sto\u0142\u00f3w kasynowych na \u017cywo i klasycznych gier. Jej uk\u0142ad i funkcjonalno\u015b\u0107 odzwierciedlaj\u0105 wersj\u0119 na komputery stacjonarne, zapewniaj\u0105c znajomo\u015b\u0107 i \u0142atwo\u015b\u0107 nawigacji. Aplikacja AFKSpin obs\u0142uguje bezpieczne transakcje, tak jak zwykle. Oferujemy wsparcie w czasie rzeczywistym poprzez czat na \u017cywo oraz szybkie procesy weryfikacji wyp\u0142at. Wszystko to sprawia, \u017ce gra jest w pe\u0142ni zoptymalizowana dla urz\u0105dze\u0144 z systemem Android.<\/p>\n<p><img loading=\"lazy\" decoding=\"async\" src=\"https:\/\/afkspin.net\/wp-content\/uploads\/2026\/01\/AFKspin-Android-App.webp\" alt=\"AFKspin Android App\" width=\"1248\" height=\"536\" \/><\/p>\n<\/div><\/div><div style=\"clear: both\"><\/div><div class=\"d-flex justify-content-center\"><button data-item=\"decouvrez_link\" data-group=\"website_links\" class=\"goto fw-bold rounded-pill btn btn-orange\" aria-label=\"Pobierz aplikacj\u0119 AFKspin\" >Pobierz aplikacj\u0119 AFKspin<\/button><\/div><div class=\"scrollable-content-wrap my-5\"><div class=\"scrollable-content-inner\"><h2>Aplikacja AFKSpin dla systemu iOS (Apple)<\/h2>\n<p>Dla u\u017cytkownik\u00f3w iOS kasyno AFKSpin oferuje r\u00f3wnie\u017c wersj\u0119 PWA. Jest ona kompatybilna z urz\u0105dzeniami iPhone i iPad. Gracze mog\u0105 doda\u0107 nasz\u0105 aplikacj\u0119 do ekranu g\u0142\u00f3wnego za pomoc\u0105 funkcji \u201eDodaj do ekranu g\u0142\u00f3wnego\u201d przegl\u0105darki Safari, tworz\u0105c skr\u00f3t, kt\u00f3ry uruchamia kasyno za pomoc\u0105 jednego dotkni\u0119cia. Wersja na iOS zapewnia wra\u017cenia identyczne jak strona na komputery stacjonarne, z zoptymalizowan\u0105 grafik\u0105 i p\u0142ynn\u0105 rozgrywk\u0105 dostosowan\u0105 do urz\u0105dze\u0144 Apple.<\/p>\n<p>Aplikacja AFKSpin na iOS obs\u0142uguje wszystkie funkcje kasyna: mo\u017cesz gra\u0107 w swoje ulubione automaty online, gry z krupierem na \u017cywo, ruletk\u0119 i gry sto\u0142owe. Wszystkie gry, takie jak Cash of Cleopatra od Jacks, Royal Joker: Hold and Win od Playson, Sic Bo od ICONIC21 i wiele innych s\u0105 dost\u0119pne w aplikacji, tak samo jak na komputerze stacjonarnym. Wykorzystuje ona szyfrowane po\u0142\u0105czenia w celu zapewnienia bezpiecze\u0144stwa transakcji i ochrony danych, zgodnie z wysokimi standardami bezpiecze\u0144stwa Apple. Responsywny interfejs aplikacji zapewnia \u0142atw\u0105 nawigacj\u0119 i szybkie \u0142adowanie gier, co czyni j\u0105 godn\u0105 zaufania opcj\u0105 kasyna mobilnego dla u\u017cytkownik\u00f3w iOS.<\/p>\n<p><img loading=\"lazy\" decoding=\"async\" src=\"https:\/\/afkspin.net\/wp-content\/uploads\/2026\/01\/AFKspin-iOS-App.webp\" alt=\"AFKspin iOS App\" width=\"1248\" height=\"536\" \/><\/p>\n<\/div><\/div><div style=\"clear: both\"><\/div><div class=\"d-flex justify-content-center\"><button data-item=\"decouvrez_link\" data-group=\"website_links\" class=\"goto fw-bold rounded-pill btn btn-orange\" aria-label=\"Pobierz AFKspin\" >Pobierz AFKspin<\/button><\/div><div class=\"scrollable-content-wrap my-5\"><div class=\"scrollable-content-inner\"><h2>Aplikacja AFK Spin Casino na PC<\/h2>\n<p>Jak wspomnieli\u015bmy powy\u017cej, wersja na komputery stacjonarne z pewno\u015bci\u0105 dzia\u0142a najlepiej ze wszystkich. Komputer zapewnia najlepsz\u0105 grafik\u0119 w historii. AFKSpin oferuje dedykowan\u0105 aplikacj\u0119 na komputery stacjonarne, kompatybiln\u0105 z systemami Windows i macOS. Aplikacja na komputery stacjonarne zapewnia wysok\u0105 jako\u015b\u0107 HD, kompleksowe zarz\u0105dzanie kontem i nieprzerwan\u0105 rozgrywk\u0119 we wszystkich kategoriach gier, w tym w kasynie na \u017cywo, automatach, ruletce i innych.<\/p>\n<p>Wszyscy nasi gracze mog\u0105 uzyska\u0107 dost\u0119p do naszej aplikacji PWA na komputery stacjonarne za po\u015brednictwem dowolnej popularnej przegl\u0105darki lub tworz\u0105c skr\u00f3t na pulpicie, aby szybko si\u0119 zalogowa\u0107. Wersja na komputery stacjonarne zachowuje te same standardy bezpiecze\u0144stwa i funkcje, co aplikacja mobilna, w tym wsparcie poprzez czat na \u017cywo. Zapewnia to sp\u00f3jne i wci\u0105gaj\u0105ce wra\u017cenia z gry niezale\u017cnie od u\u017cywanego urz\u0105dzenia.<\/p>\n<p>Por\u00f3wnajmy wersje, aby\u015b m\u00f3g\u0142 podj\u0105\u0107 lepsz\u0105 decyzj\u0119:<\/p>\n<table>\n<tbody>\n<tr>\n<td>Funkcja<\/td>\n<td>Android<\/td>\n<td>iOS<\/td>\n<td>Komputer<\/td>\n<\/tr>\n<tr>\n<td>Instalacja<\/td>\n<td>PWA<\/td>\n<td>PWA przez Safari<\/td>\n<td>PWA oparta na przegl\u0105darce lub skr\u00f3t na pulpicie<\/td>\n<\/tr>\n<tr>\n<td>Platforma<\/td>\n<td>Urz\u0105dzenia z systemem Android<\/td>\n<td>Produkty Apple<\/td>\n<td>Windows i macOS<\/td>\n<\/tr>\n<tr>\n<td>Cechy<\/td>\n<td>Zoptymalizowane, minimalne zu\u017cycie zasob\u00f3w<\/td>\n<td>Pe\u0142na kompatybilno\u015b\u0107 z Apple<\/td>\n<td>Wysoka jako\u015b\u0107 HD<\/td>\n<\/tr>\n<tr>\n<td>Bezpiecze\u0144stwo<\/td>\n<td>Automatyczne aktualizacje<\/td>\n<td>Bezpieczne transakcje, regularne aktualizacje<\/td>\n<td>Te same standardy bezpiecze\u0144stwa, oparte na przegl\u0105darce<\/td>\n<\/tr>\n<tr>\n<td>Gry<\/td>\n<td>Wszystkie gry jak zwykle<\/td>\n<td>Takie same jak na komputerze stacjonarnym, w tym automaty, krupier na \u017cywo<\/td>\n<td>Pe\u0142ny dost\u0119p, grafika HD<\/td>\n<\/tr>\n<tr>\n<td>Obs\u0142uga<\/td>\n<td>Czat na \u017cywo, szybka weryfikacja<\/td>\n<td>Czat na \u017cywo, szybka weryfikacja<\/td>\n<td>To samo wsparcie<\/td>\n<\/tr>\n<\/tbody>\n<\/table>\n<p><img loading=\"lazy\" decoding=\"async\" src=\"https:\/\/afkspin.net\/wp-content\/uploads\/2026\/01\/AFKspin-Desktop.webp\" alt=\"AFKspin Desktop\" width=\"1248\" height=\"536\" \/><\/p>\n<\/div><\/div><div style=\"clear: both\"><\/div><div class=\"d-flex justify-content-center\"><button data-item=\"decouvrez_link\" data-group=\"website_links\" class=\"goto fw-bold rounded-pill btn btn-orange\" aria-label=\"Pobierz aplikacj\u0119 AFKspin\" >Pobierz aplikacj\u0119 AFKspin<\/button><\/div><div class=\"scrollable-content-wrap my-5\"><div class=\"scrollable-content-inner\"><h2>FAQ<\/h2>\n<h3>Czy aplikacja mobilna AFKSpin Casino jest bezpieczna w u\u017cyciu?<\/h3>\n<p>Nasza aplikacja AFKSpin jest bezpieczna. Zainstalowali\u015bmy zaawansowane protoko\u0142y szyfrowania i proces weryfikacji, aby chroni\u0107 wszystkie transakcje i dane osobowe. Funkcje bezpiecze\u0144stwa naszej aplikacji s\u0105 zgodne ze standardami bran\u017cy kasynowej, dzi\u0119ki czemu jeste\u015bmy bezpieczn\u0105 platform\u0105 do hazardu online.<\/p>\n<h3>Dlaczego nie mog\u0119 zainstalowa\u0107 aplikacji na moim urz\u0105dzeniu?<\/h3>\n<p>Je\u015bli pojawi\u0105 si\u0119 problemy z instalacj\u0105, zacznij od ponownego uruchomienia telefonu. Nast\u0119pnie sprawd\u017a, czy Twoje urz\u0105dzenie spe\u0142nia minimalne wymagania systemowe i czy masz stabilne po\u0142\u0105czenie internetowe. W przypadku urz\u0105dze\u0144 z systemem iOS sprawd\u017a, czy wykona\u0142e\u015b prawid\u0142owe kroki, aby doda\u0107 AFKSpin Casino PWA do ekranu g\u0142\u00f3wnego. Wyczy\u015b\u0107 pami\u0119\u0107 podr\u0119czn\u0105 przegl\u0105darki i ponownie uruchom telefon. Mo\u017ce to r\u00f3wnie\u017c rozwi\u0105za\u0107 problemy z instalacj\u0105. Je\u015bli nie, napisz do naszego zespo\u0142u pomocy technicznej.<\/p>\n<h3>Czy aplikacja zawiera wszystkie te same gry, co strona internetowa?<\/h3>\n<p>Zawiera wszystko to, co wersja internetowa. Nasza aplikacja AFKSpin Casino zapewnia pe\u0142ny dost\u0119p do ca\u0142ej biblioteki gier dost\u0119pnej na stronie internetowej. Jak zwykle, mo\u017cesz gra\u0107 w automaty online, gry kasynowe na \u017cywo i inne klasyczne gry. Do\u015bwiadczenie gry jest zoptymalizowane pod k\u0105tem urz\u0105dze\u0144 mobilnych, dzi\u0119ki czemu \u017cadna z funkcji nie zosta\u0142a utracona.<\/p>\n<h3>Jak mog\u0119 zaktualizowa\u0107 aplikacj\u0119 AFKSpin do najnowszej wersji?<\/h3>\n<p>Nie ma takiej potrzeby. Nasza aplikacja AFKSpin Casino PWA aktualizuje si\u0119 automatycznie po ka\u017cdym uruchomieniu, zapewniaj\u0105c graczom dost\u0119p do najnowszych funkcji i poprawek bezpiecze\u0144stwa. W przypadku wersji na komputery stacjonarne i iOS aktualizacje s\u0105 zarz\u0105dzane za po\u015brednictwem odpowiednich sklep\u00f3w z aplikacjami lub aktualizacji przegl\u0105darki, co nie wymaga r\u0119cznej interwencji u\u017cytkownik\u00f3w. Nie ma wi\u0119c \u017cadnych k\u0142opot\u00f3w.<\/p>\n<\/div><\/div><\/p>\n","protected":false},"excerpt":{"rendered":"<p>Aplikacja AFKSpin AFKSpin App pozwala \u0142atwo gra\u0107 w ulubione gry kasynowe w podr\u00f3\u017cy. Stworzyli\u015bmy j\u0105 w taki spos\u00f3b, aby zawsze by\u0142a szybka, bezpieczna i prosta w u\u017cyciu. Aplikacja AFKSpin zapewnia szybki dost\u0119p do wielu naszych automat\u00f3w online, gier sto\u0142owych i kasyn na \u017cywo. Mo\u017cesz gra\u0107 na urz\u0105dzeniach z systemem Android, iOS lub komputerze \u2013 wszystko [&hellip;]<\/p>\n","protected":false},"author":9,"featured_media":0,"parent":0,"menu_order":0,"comment_status":"closed","ping_status":"closed","template":"template-builder.php","meta":{"_acf_changed":false,"inline_featured_image":false,"footnotes":""},"class_list":["post-1425","page","type-page","status-publish","hentry"],"acf":[],"yoast_head":"<!-- This site is optimized with the Yoast SEO plugin v24.4 - https:\/\/yoast.com\/wordpress\/plugins\/seo\/ -->\n<title>AFKSpin App na Telefon | iOS, Android<\/title>\n<meta name=\"description\" content=\"Zainstaluj AFKSpin App na iOS i Android, aby gra\u0107 w ponad 6000 gier kasynowych gdziekolwiek jeste\u015b. P\u0142ynne dzia\u0142anie, synchronizacja konta i wsparcie 24\/7 \u2013 wszystko w AFK Spin.\" \/>\n<meta name=\"robots\" content=\"index, follow, max-snippet:-1, max-image-preview:large, max-video-preview:-1\" \/>\n<link rel=\"canonical\" href=\"https:\/\/afkspin.net\/pl\/aplikacja\/\" \/>\n<meta property=\"og:locale\" content=\"pl_PL\" \/>\n<meta property=\"og:type\" content=\"article\" \/>\n<meta property=\"og:title\" content=\"AFKSpin App na Telefon | iOS, Android\" \/>\n<meta property=\"og:description\" content=\"Zainstaluj AFKSpin App na iOS i Android, aby gra\u0107 w ponad 6000 gier kasynowych gdziekolwiek jeste\u015b. P\u0142ynne dzia\u0142anie, synchronizacja konta i wsparcie 24\/7 \u2013 wszystko w AFK Spin.\" \/>\n<meta property=\"og:url\" content=\"https:\/\/afkspin.net\/pl\/aplikacja\/\" \/>\n<meta property=\"og:site_name\" content=\"afkspin\" \/>\n<meta property=\"article:modified_time\" content=\"2026-01-08T10:13:53+00:00\" \/>\n<meta name=\"twitter:card\" content=\"summary_large_image\" \/>\n<meta name=\"twitter:label1\" content=\"Est. reading time\" \/>\n\t<meta name=\"twitter:data1\" content=\"2 minuty\" \/>\n<script type=\"application\/ld+json\" class=\"yoast-schema-graph\">{\"@context\":\"https:\/\/schema.org\",\"@graph\":[{\"@type\":\"WebPage\",\"@id\":\"https:\/\/afkspin.net\/pl\/aplikacja\/\",\"url\":\"https:\/\/afkspin.net\/pl\/aplikacja\/\",\"name\":\"AFKSpin App na Telefon | iOS, Android\",\"isPartOf\":{\"@id\":\"https:\/\/afkspin.net\/pl\/#website\"},\"datePublished\":\"2026-01-08T06:21:05+00:00\",\"dateModified\":\"2026-01-08T10:13:53+00:00\",\"description\":\"Zainstaluj AFKSpin App na iOS i Android, aby gra\u0107 w ponad 6000 gier kasynowych gdziekolwiek jeste\u015b. P\u0142ynne dzia\u0142anie, synchronizacja konta i wsparcie 24\/7 \u2013 wszystko w AFK Spin.\",\"breadcrumb\":{\"@id\":\"https:\/\/afkspin.net\/pl\/aplikacja\/#breadcrumb\"},\"inLanguage\":\"pl-PL\",\"potentialAction\":[{\"@type\":\"ReadAction\",\"target\":[\"https:\/\/afkspin.net\/pl\/aplikacja\/\"]}]},{\"@type\":\"BreadcrumbList\",\"@id\":\"https:\/\/afkspin.net\/pl\/aplikacja\/#breadcrumb\",\"itemListElement\":[{\"@type\":\"ListItem\",\"position\":1,\"name\":\"Afkspin\",\"item\":\"https:\/\/afkspin.net\/pl\/\"},{\"@type\":\"ListItem\",\"position\":2,\"name\":\"Aplikacja\"}]},{\"@type\":\"WebSite\",\"@id\":\"https:\/\/afkspin.net\/pl\/#website\",\"url\":\"https:\/\/afkspin.net\/pl\/\",\"name\":\"Afkspin\",\"description\":\"\",\"publisher\":{\"@id\":\"https:\/\/afkspin.net\/pl\/#organization\"},\"potentialAction\":[{\"@type\":\"SearchAction\",\"target\":{\"@type\":\"EntryPoint\",\"urlTemplate\":\"https:\/\/afkspin.net\/pl\/?s={search_term_string}\"},\"query-input\":{\"@type\":\"PropertyValueSpecification\",\"valueRequired\":true,\"valueName\":\"search_term_string\"}}],\"inLanguage\":\"pl-PL\"},{\"@type\":\"Organization\",\"@id\":\"https:\/\/afkspin.net\/pl\/#organization\",\"name\":\"Afkspin\",\"url\":\"https:\/\/afkspin.net\/pl\/\",\"logo\":{\"@type\":\"ImageObject\",\"inLanguage\":\"pl-PL\",\"@id\":\"https:\/\/afkspin.net\/pl\/#\/schema\/logo\/image\/\",\"url\":\"https:\/\/afkspin.net\/wp-content\/uploads\/2026\/01\/logo.svg\",\"contentUrl\":\"https:\/\/afkspin.net\/wp-content\/uploads\/2026\/01\/logo.svg\",\"width\":84,\"height\":24,\"caption\":\"Afkspin\"},\"image\":{\"@id\":\"https:\/\/afkspin.net\/pl\/#\/schema\/logo\/image\/\"}}]}<\/script>\n<!-- \/ Yoast SEO plugin. -->","yoast_head_json":{"title":"AFKSpin App na Telefon | iOS, Android","description":"Zainstaluj AFKSpin App na iOS i Android, aby gra\u0107 w ponad 6000 gier kasynowych gdziekolwiek jeste\u015b. P\u0142ynne dzia\u0142anie, synchronizacja konta i wsparcie 24\/7 \u2013 wszystko w AFK Spin.","robots":{"index":"index","follow":"follow","max-snippet":"max-snippet:-1","max-image-preview":"max-image-preview:large","max-video-preview":"max-video-preview:-1"},"canonical":"https:\/\/afkspin.net\/pl\/aplikacja\/","og_locale":"pl_PL","og_type":"article","og_title":"AFKSpin App na Telefon | iOS, Android","og_description":"Zainstaluj AFKSpin App na iOS i Android, aby gra\u0107 w ponad 6000 gier kasynowych gdziekolwiek jeste\u015b. P\u0142ynne dzia\u0142anie, synchronizacja konta i wsparcie 24\/7 \u2013 wszystko w AFK Spin.","og_url":"https:\/\/afkspin.net\/pl\/aplikacja\/","og_site_name":"afkspin","article_modified_time":"2026-01-08T10:13:53+00:00","twitter_card":"summary_large_image","twitter_misc":{"Est. reading time":"2 minuty"},"schema":{"@context":"https:\/\/schema.org","@graph":[{"@type":"WebPage","@id":"https:\/\/afkspin.net\/pl\/aplikacja\/","url":"https:\/\/afkspin.net\/pl\/aplikacja\/","name":"AFKSpin App na Telefon | iOS, Android","isPartOf":{"@id":"https:\/\/afkspin.net\/pl\/#website"},"datePublished":"2026-01-08T06:21:05+00:00","dateModified":"2026-01-08T10:13:53+00:00","description":"Zainstaluj AFKSpin App na iOS i Android, aby gra\u0107 w ponad 6000 gier kasynowych gdziekolwiek jeste\u015b. P\u0142ynne dzia\u0142anie, synchronizacja konta i wsparcie 24\/7 \u2013 wszystko w AFK Spin.","breadcrumb":{"@id":"https:\/\/afkspin.net\/pl\/aplikacja\/#breadcrumb"},"inLanguage":"pl-PL","potentialAction":[{"@type":"ReadAction","target":["https:\/\/afkspin.net\/pl\/aplikacja\/"]}]},{"@type":"BreadcrumbList","@id":"https:\/\/afkspin.net\/pl\/aplikacja\/#breadcrumb","itemListElement":[{"@type":"ListItem","position":1,"name":"Afkspin","item":"https:\/\/afkspin.net\/pl\/"},{"@type":"ListItem","position":2,"name":"Aplikacja"}]},{"@type":"WebSite","@id":"https:\/\/afkspin.net\/pl\/#website","url":"https:\/\/afkspin.net\/pl\/","name":"Afkspin","description":"","publisher":{"@id":"https:\/\/afkspin.net\/pl\/#organization"},"potentialAction":[{"@type":"SearchAction","target":{"@type":"EntryPoint","urlTemplate":"https:\/\/afkspin.net\/pl\/?s={search_term_string}"},"query-input":{"@type":"PropertyValueSpecification","valueRequired":true,"valueName":"search_term_string"}}],"inLanguage":"pl-PL"},{"@type":"Organization","@id":"https:\/\/afkspin.net\/pl\/#organization","name":"Afkspin","url":"https:\/\/afkspin.net\/pl\/","logo":{"@type":"ImageObject","inLanguage":"pl-PL","@id":"https:\/\/afkspin.net\/pl\/#\/schema\/logo\/image\/","url":"https:\/\/afkspin.net\/wp-content\/uploads\/2026\/01\/logo.svg","contentUrl":"https:\/\/afkspin.net\/wp-content\/uploads\/2026\/01\/logo.svg","width":84,"height":24,"caption":"Afkspin"},"image":{"@id":"https:\/\/afkspin.net\/pl\/#\/schema\/logo\/image\/"}}]}},"_links":{"self":[{"href":"https:\/\/afkspin.net\/pl\/wp-json\/wp\/v2\/pages\/1425"}],"collection":[{"href":"https:\/\/afkspin.net\/pl\/wp-json\/wp\/v2\/pages"}],"about":[{"href":"https:\/\/afkspin.net\/pl\/wp-json\/wp\/v2\/types\/page"}],"author":[{"embeddable":true,"href":"https:\/\/afkspin.net\/pl\/wp-json\/wp\/v2\/users\/9"}],"replies":[{"embeddable":true,"href":"https:\/\/afkspin.net\/pl\/wp-json\/wp\/v2\/comments?post=1425"}],"version-history":[{"count":2,"href":"https:\/\/afkspin.net\/pl\/wp-json\/wp\/v2\/pages\/1425\/revisions"}],"predecessor-version":[{"id":1767,"href":"https:\/\/afkspin.net\/pl\/wp-json\/wp\/v2\/pages\/1425\/revisions\/1767"}],"wp:attachment":[{"href":"https:\/\/afkspin.net\/pl\/wp-json\/wp\/v2\/media?parent=1425"}],"curies":[{"name":"wp","href":"https:\/\/api.w.org\/{rel}","templated":true}]}}